{"id":371,"date":"2021-09-08T16:18:00","date_gmt":"2021-09-08T16:18:00","guid":{"rendered":"http:\/\/tdlitevietnam.com\/?page_id=371"},"modified":"2022-05-05T12:12:08","modified_gmt":"2022-05-05T12:12:08","slug":"dat-bo-dat-noi-khi-quan","status":"publish","type":"page","link":"https:\/\/tdlitevietnam.com\/index.php\/dat-bo-dat-noi-khi-quan\/","title":{"rendered":"\u0110\u1eb7t b\u1ed9 \u0111\u1eb7t n\u1ed9i kh\u00ed qu\u1ea3n"},"content":{"rendered":"\t<section class=\"section hide-for-small\" id=\"section_1263381497\">\n\t\t<div class=\"bg section-bg fill bg-fill  bg-loaded\" >\n\n\t\t\t\n\t\t\t<div class=\"effect-sparkle bg-effect fill no-click\"><\/div>\n\t\t\t\n\n\t\t<\/div>\n\n\t\t<div class=\"section-content relative\">\n\t\t\t\n<div class=\"row row-full-width align-middle align-center\"  id=\"row-870894495\">\n\n\t<div id=\"col-2079980852\" class=\"col medium-6 small-12 large-6\"  data-animate=\"fadeInLeft\">\n\t\t<div class=\"col-inner text-center\"  >\n\t\t\t\n\t\t\t\n\t<div id=\"text-1366186407\" class=\"text\">\n\t\t\n<h3><span style=\"color: #ffffff; font-size: 120%;\">GI\u00c1 B\u00c1N<\/span><\/h3>\n<h1><span style=\"color: #fafafa; font-size: 150%;\">Li\u00ean h\u1ec7<\/span><\/h1>\n<h1><span style=\"color: #ff0000; font-size: 150%;\"><strong>0888140141 \u2013 0977140141<\/strong><\/span><\/h1>\n<h4><span style=\"color: #c0c0c0; font-size: 120%;\">Mi\u1ec5n ph\u00ed giao h\u00e0ng to\u00e0n qu\u1ed1c<\/span><\/h4>\n<h4><span style=\"color: #c0c0c0; font-size: 120%;\">B\u1ea3o h\u00e0nh trong v\u00f2ng 03 n\u0103m<\/span><\/h4>\n\t\t\n<style>\n#text-1366186407 {\n  text-align: center;\n}\n<\/style>\n\t<\/div>\n\t\n\t\t<\/div>\n\t\t\n<style>\n#col-2079980852 > .col-inner {\n  margin: 100px 0px 0px 0px;\n}\n<\/style>\n\t<\/div>\n\n\t\n\n\t<div id=\"col-480470834\" class=\"col medium-6 small-12 large-6\"  >\n\t\t<div class=\"col-inner\"  >\n\t\t\t\n\t\t\t\n<div class=\"slider-wrapper relative\" id=\"slider-1734424370\" >\n    <div class=\"slider slider-nav-circle slider-nav-large slider-nav-light slider-style-normal\"\n        data-flickity-options='{\n            \"cellAlign\": \"center\",\n            \"imagesLoaded\": true,\n            \"lazyLoad\": 1,\n            \"freeScroll\": false,\n            \"wrapAround\": true,\n            \"autoPlay\": 6000,\n            \"pauseAutoPlayOnHover\" : true,\n            \"prevNextButtons\": true,\n            \"contain\" : true,\n            \"adaptiveHeight\" : true,\n            \"dragThreshold\" : 10,\n            \"percentPosition\": true,\n            \"pageDots\": true,\n            \"rightToLeft\": false,\n            \"draggable\": true,\n            \"selectedAttraction\": 0.1,\n            \"parallax\" : 0,\n            \"friction\": 0.6        }'\n        >\n        \n\t<div class=\"img has-hover x md-x lg-x y md-y lg-y\" id=\"image_417093606\">\n\t\t\t\t\t\t\t\t<div class=\"img-inner dark\" >\n\t\t\t<img decoding=\"async\" width=\"1020\" height=\"680\" src=\"https:\/\/tdlitevietnam.com\/wp-content\/uploads\/2022\/05\/831c2b5ef5f138af61e0-1024x683.jpg\" class=\"attachment-large size-large\" alt=\"\" srcset=\"https:\/\/tdlitevietnam.com\/wp-content\/uploads\/2022\/05\/831c2b5ef5f138af61e0-1024x683.jpg 1024w, https:\/\/tdlitevietnam.com\/wp-content\/uploads\/2022\/05\/831c2b5ef5f138af61e0-300x200.jpg 300w, https:\/\/tdlitevietnam.com\/wp-content\/uploads\/2022\/05\/831c2b5ef5f138af61e0-768x512.jpg 768w, https:\/\/tdlitevietnam.com\/wp-content\/uploads\/2022\/05\/831c2b5ef5f138af61e0-1536x1024.jpg 1536w, https:\/\/tdlitevietnam.com\/wp-content\/uploads\/2022\/05\/831c2b5ef5f138af61e0.jpg 2048w\" sizes=\"(max-width: 1020px) 100vw, 1020px\" \/>\t\t\t\t\t\t\n\t\t\t\t\t<\/div>\n\t\t\t\t\t\t\t\t\n<style>\n#image_417093606 {\n  width: 100%;\n}\n<\/style>\n\t<\/div>\n\t\n\t<div class=\"img has-hover x md-x lg-x y md-y lg-y\" id=\"image_272763480\">\n\t\t\t\t\t\t\t\t<div class=\"img-inner dark\" >\n\t\t\t<img decoding=\"async\" width=\"1020\" height=\"679\" src=\"https:\/\/tdlitevietnam.com\/wp-content\/uploads\/2022\/05\/2f6a8958b0427a1c2353-1024x682.jpg\" class=\"attachment-large size-large\" alt=\"\" srcset=\"https:\/\/tdlitevietnam.com\/wp-content\/uploads\/2022\/05\/2f6a8958b0427a1c2353-1024x682.jpg 1024w, https:\/\/tdlitevietnam.com\/wp-content\/uploads\/2022\/05\/2f6a8958b0427a1c2353-300x200.jpg 300w, https:\/\/tdlitevietnam.com\/wp-content\/uploads\/2022\/05\/2f6a8958b0427a1c2353-768x512.jpg 768w, https:\/\/tdlitevietnam.com\/wp-content\/uploads\/2022\/05\/2f6a8958b0427a1c2353-1536x1024.jpg 1536w, https:\/\/tdlitevietnam.com\/wp-content\/uploads\/2022\/05\/2f6a8958b0427a1c2353-2048x1365.jpg 2048w\" sizes=\"(max-width: 1020px) 100vw, 1020px\" \/>\t\t\t\t\t\t\n\t\t\t\t\t<\/div>\n\t\t\t\t\t\t\t\t\n<style>\n#image_272763480 {\n  width: 100%;\n}\n<\/style>\n\t<\/div>\n\t\n\t<div class=\"img has-hover x md-x lg-x y md-y lg-y\" id=\"image_592107745\">\n\t\t\t\t\t\t\t\t<div class=\"img-inner dark\" >\n\t\t\t<img decoding=\"async\" width=\"1020\" height=\"680\" src=\"https:\/\/tdlitevietnam.com\/wp-content\/uploads\/2022\/05\/MekongPr-8-1024x683.jpg\" class=\"attachment-large size-large\" alt=\"\" srcset=\"https:\/\/tdlitevietnam.com\/wp-content\/uploads\/2022\/05\/MekongPr-8-1024x683.jpg 1024w, https:\/\/tdlitevietnam.com\/wp-content\/uploads\/2022\/05\/MekongPr-8-300x200.jpg 300w, https:\/\/tdlitevietnam.com\/wp-content\/uploads\/2022\/05\/MekongPr-8-768x512.jpg 768w, https:\/\/tdlitevietnam.com\/wp-content\/uploads\/2022\/05\/MekongPr-8-1536x1024.jpg 1536w, https:\/\/tdlitevietnam.com\/wp-content\/uploads\/2022\/05\/MekongPr-8-2048x1366.jpg 2048w\" sizes=\"(max-width: 1020px) 100vw, 1020px\" \/>\t\t\t\t\t\t\n\t\t\t\t\t<\/div>\n\t\t\t\t\t\t\t\t\n<style>\n#image_592107745 {\n  width: 100%;\n}\n<\/style>\n\t<\/div>\n\t\n\t<div class=\"img has-hover x md-x lg-x y md-y lg-y\" id=\"image_1688082942\">\n\t\t\t\t\t\t\t\t<div class=\"img-inner dark\" >\n\t\t\t<img decoding=\"async\" width=\"1020\" height=\"680\" src=\"https:\/\/tdlitevietnam.com\/wp-content\/uploads\/2022\/05\/TDLiteNhi_13-1024x683.jpg\" class=\"attachment-large size-large\" alt=\"\" srcset=\"https:\/\/tdlitevietnam.com\/wp-content\/uploads\/2022\/05\/TDLiteNhi_13-1024x683.jpg 1024w, https:\/\/tdlitevietnam.com\/wp-content\/uploads\/2022\/05\/TDLiteNhi_13-300x200.jpg 300w, https:\/\/tdlitevietnam.com\/wp-content\/uploads\/2022\/05\/TDLiteNhi_13-768x512.jpg 768w, https:\/\/tdlitevietnam.com\/wp-content\/uploads\/2022\/05\/TDLiteNhi_13-1536x1024.jpg 1536w, https:\/\/tdlitevietnam.com\/wp-content\/uploads\/2022\/05\/TDLiteNhi_13-2048x1365.jpg 2048w\" sizes=\"(max-width: 1020px) 100vw, 1020px\" \/>\t\t\t\t\t\t\n\t\t\t\t\t<\/div>\n\t\t\t\t\t\t\t\t\n<style>\n#image_1688082942 {\n  width: 100%;\n}\n<\/style>\n\t<\/div>\n\t\n     <\/div>\n\n     <div class=\"loading-spin dark large centered\"><\/div>\n\n     <\/div>\n\n\n\t\t<\/div>\n\t\t\n<style>\n#col-480470834 > .col-inner {\n  margin: 150px 0px 0px 0px;\n}\n<\/style>\n\t<\/div>\n\n\t\n<\/div>\n\t\t<\/div>\n\n\t\t\n<style>\n#section_1263381497 {\n  padding-top: 30px;\n  padding-bottom: 30px;\n  background-color: rgb(0, 63, 86);\n}\n<\/style>\n\t<\/section>\n\t\n\t<section class=\"section\" id=\"section_730279555\">\n\t\t<div class=\"bg section-bg fill bg-fill  bg-loaded\" >\n\n\t\t\t\n\t\t\t<div class=\"effect-sparkle bg-effect fill no-click\"><\/div>\n\t\t\t\n\n\t\t<\/div>\n\n\t\t<div class=\"section-content relative\">\n\t\t\t\n<div class=\"row row-full-width align-middle align-center\"  id=\"row-1926840703\">\n\n\t<div id=\"col-431444747\" class=\"col medium-6 small-12 large-6\"  data-animate=\"fadeInLeft\">\n\t\t<div class=\"col-inner text-center\"  >\n\t\t\t\n\t\t\t\n\t<div id=\"text-590745569\" class=\"text\">\n\t\t\n<h3><span style=\"color: #ffffff; font-size: 120%;\">GI\u00c1 B\u00c1N<\/span><\/h3>\n<h1><span style=\"color: #fafafa; font-size: 150%;\">Li\u00ean h\u1ec7<\/span><\/h1>\n<h1><span style=\"color: #ff0000; font-size: 150%;\"><strong>0888140141 \u2013 0977140141<\/strong><\/span><\/h1>\n<h4><span style=\"color: #c0c0c0; font-size: 120%;\">Mi\u1ec5n ph\u00ed giao h\u00e0ng to\u00e0n qu\u1ed1c<\/span><\/h4>\n<h4><span style=\"color: #c0c0c0; font-size: 120%;\">B\u1ea3o h\u00e0nh trong v\u00f2ng 03 n\u0103m<\/span><\/h4>\n\t\t\n<style>\n#text-590745569 {\n  text-align: center;\n}\n<\/style>\n\t<\/div>\n\t\n\t\t<\/div>\n\t\t\n<style>\n#col-431444747 > .col-inner {\n  margin: 150px 0px 0px 0px;\n}\n@media (min-width:550px) {\n  #col-431444747 > .col-inner {\n    margin: 100px 0px 0px 0px;\n  }\n}\n<\/style>\n\t<\/div>\n\n\t\n\n\t<div id=\"col-750202372\" class=\"col medium-6 small-12 large-6\"  >\n\t\t<div class=\"col-inner\"  >\n\t\t\t\n\t\t\t\n<div class=\"slider-wrapper relative\" id=\"slider-1972794330\" >\n    <div class=\"slider slider-nav-circle slider-nav-large slider-nav-light slider-style-normal\"\n        data-flickity-options='{\n            \"cellAlign\": \"center\",\n            \"imagesLoaded\": true,\n            \"lazyLoad\": 1,\n            \"freeScroll\": false,\n            \"wrapAround\": true,\n            \"autoPlay\": 6000,\n            \"pauseAutoPlayOnHover\" : true,\n            \"prevNextButtons\": true,\n            \"contain\" : true,\n            \"adaptiveHeight\" : true,\n            \"dragThreshold\" : 10,\n            \"percentPosition\": true,\n            \"pageDots\": true,\n            \"rightToLeft\": false,\n            \"draggable\": true,\n            \"selectedAttraction\": 0.1,\n            \"parallax\" : 0,\n            \"friction\": 0.6        }'\n        >\n        \n\t<div class=\"img has-hover x md-x lg-x y md-y lg-y\" id=\"image_208668827\">\n\t\t\t\t\t\t\t\t<div class=\"img-inner dark\" >\n\t\t\t<img decoding=\"async\" width=\"1020\" height=\"680\" src=\"https:\/\/tdlitevietnam.com\/wp-content\/uploads\/2022\/05\/831c2b5ef5f138af61e0-1024x683.jpg\" class=\"attachment-large size-large\" alt=\"\" srcset=\"https:\/\/tdlitevietnam.com\/wp-content\/uploads\/2022\/05\/831c2b5ef5f138af61e0-1024x683.jpg 1024w, https:\/\/tdlitevietnam.com\/wp-content\/uploads\/2022\/05\/831c2b5ef5f138af61e0-300x200.jpg 300w, https:\/\/tdlitevietnam.com\/wp-content\/uploads\/2022\/05\/831c2b5ef5f138af61e0-768x512.jpg 768w, https:\/\/tdlitevietnam.com\/wp-content\/uploads\/2022\/05\/831c2b5ef5f138af61e0-1536x1024.jpg 1536w, https:\/\/tdlitevietnam.com\/wp-content\/uploads\/2022\/05\/831c2b5ef5f138af61e0.jpg 2048w\" sizes=\"(max-width: 1020px) 100vw, 1020px\" \/>\t\t\t\t\t\t\n\t\t\t\t\t<\/div>\n\t\t\t\t\t\t\t\t\n<style>\n#image_208668827 {\n  width: 100%;\n}\n<\/style>\n\t<\/div>\n\t\n\t<div class=\"img has-hover x md-x lg-x y md-y lg-y\" id=\"image_1381658395\">\n\t\t\t\t\t\t\t\t<div class=\"img-inner dark\" >\n\t\t\t<img decoding=\"async\" width=\"1020\" height=\"679\" src=\"https:\/\/tdlitevietnam.com\/wp-content\/uploads\/2022\/05\/2f6a8958b0427a1c2353-1024x682.jpg\" class=\"attachment-large size-large\" alt=\"\" srcset=\"https:\/\/tdlitevietnam.com\/wp-content\/uploads\/2022\/05\/2f6a8958b0427a1c2353-1024x682.jpg 1024w, https:\/\/tdlitevietnam.com\/wp-content\/uploads\/2022\/05\/2f6a8958b0427a1c2353-300x200.jpg 300w, https:\/\/tdlitevietnam.com\/wp-content\/uploads\/2022\/05\/2f6a8958b0427a1c2353-768x512.jpg 768w, https:\/\/tdlitevietnam.com\/wp-content\/uploads\/2022\/05\/2f6a8958b0427a1c2353-1536x1024.jpg 1536w, https:\/\/tdlitevietnam.com\/wp-content\/uploads\/2022\/05\/2f6a8958b0427a1c2353-2048x1365.jpg 2048w\" sizes=\"(max-width: 1020px) 100vw, 1020px\" \/>\t\t\t\t\t\t\n\t\t\t\t\t<\/div>\n\t\t\t\t\t\t\t\t\n<style>\n#image_1381658395 {\n  width: 100%;\n}\n<\/style>\n\t<\/div>\n\t\n\t<div class=\"img has-hover x md-x lg-x y md-y lg-y\" id=\"image_1861875219\">\n\t\t\t\t\t\t\t\t<div class=\"img-inner dark\" >\n\t\t\t<img decoding=\"async\" width=\"1020\" height=\"680\" src=\"https:\/\/tdlitevietnam.com\/wp-content\/uploads\/2022\/05\/MekongPr-8-1024x683.jpg\" class=\"attachment-large size-large\" alt=\"\" srcset=\"https:\/\/tdlitevietnam.com\/wp-content\/uploads\/2022\/05\/MekongPr-8-1024x683.jpg 1024w, https:\/\/tdlitevietnam.com\/wp-content\/uploads\/2022\/05\/MekongPr-8-300x200.jpg 300w, https:\/\/tdlitevietnam.com\/wp-content\/uploads\/2022\/05\/MekongPr-8-768x512.jpg 768w, https:\/\/tdlitevietnam.com\/wp-content\/uploads\/2022\/05\/MekongPr-8-1536x1024.jpg 1536w, https:\/\/tdlitevietnam.com\/wp-content\/uploads\/2022\/05\/MekongPr-8-2048x1366.jpg 2048w\" sizes=\"(max-width: 1020px) 100vw, 1020px\" \/>\t\t\t\t\t\t\n\t\t\t\t\t<\/div>\n\t\t\t\t\t\t\t\t\n<style>\n#image_1861875219 {\n  width: 100%;\n}\n<\/style>\n\t<\/div>\n\t\n\t<div class=\"img has-hover x md-x lg-x y md-y lg-y\" id=\"image_1752367869\">\n\t\t\t\t\t\t\t\t<div class=\"img-inner dark\" >\n\t\t\t<img decoding=\"async\" width=\"1020\" height=\"680\" src=\"https:\/\/tdlitevietnam.com\/wp-content\/uploads\/2022\/05\/TDLiteNhi_13-1024x683.jpg\" class=\"attachment-large size-large\" alt=\"\" srcset=\"https:\/\/tdlitevietnam.com\/wp-content\/uploads\/2022\/05\/TDLiteNhi_13-1024x683.jpg 1024w, https:\/\/tdlitevietnam.com\/wp-content\/uploads\/2022\/05\/TDLiteNhi_13-300x200.jpg 300w, https:\/\/tdlitevietnam.com\/wp-content\/uploads\/2022\/05\/TDLiteNhi_13-768x512.jpg 768w, https:\/\/tdlitevietnam.com\/wp-content\/uploads\/2022\/05\/TDLiteNhi_13-1536x1024.jpg 1536w, https:\/\/tdlitevietnam.com\/wp-content\/uploads\/2022\/05\/TDLiteNhi_13-2048x1365.jpg 2048w\" sizes=\"(max-width: 1020px) 100vw, 1020px\" \/>\t\t\t\t\t\t\n\t\t\t\t\t<\/div>\n\t\t\t\t\t\t\t\t\n<style>\n#image_1752367869 {\n  width: 100%;\n}\n<\/style>\n\t<\/div>\n\t\n     <\/div>\n\n     <div class=\"loading-spin dark large centered\"><\/div>\n\n     <\/div>\n\n\n\t\t<\/div>\n\t\t\n<style>\n#col-750202372 > .col-inner {\n  margin: 10px 0px 0px 0px;\n}\n@media (min-width:550px) {\n  #col-750202372 > .col-inner {\n    margin: 150px 0px 0px 0px;\n  }\n}\n<\/style>\n\t<\/div>\n\n\t\n<\/div>\n\t\t<\/div>\n\n\t\t\n<style>\n#section_730279555 {\n  padding-top: 30px;\n  padding-bottom: 30px;\n  background-color: rgb(0, 63, 86);\n}\n<\/style>\n\t<\/section>\n\t\n\t<section class=\"section\" id=\"section_520676745\">\n\t\t<div class=\"bg section-bg fill bg-fill  bg-loaded\" >\n\n\t\t\t\n\t\t\t<div class=\"effect-sparkle bg-effect fill no-click\"><\/div>\n\t\t\t\n\n\t\t<\/div>\n\n\t\t<div class=\"section-content relative\">\n\t\t\t\n\t<div id=\"text-1706001853\" class=\"text\">\n\t\t\n<p><iframe src=\"https:\/\/docs.google.com\/forms\/d\/e\/1FAIpQLSfyOt38CC5pJsXaM7awcPGyIArHnaqVFJYBZoaNwzO1VG4alQ\/viewform?embedded=true\" width=\"640\" height=\"1378\" frameborder=\"0\" marginheight=\"0\" marginwidth=\"0\">\u0110ang t\u1ea3i\u2026<\/iframe><br \/>\n\t\t\n<style>\n#text-1706001853 {\n  text-align: center;\n}\n<\/style>\n\t<\/div>\n\t\n\t\t<\/div>\n\n\t\t\n<style>\n#section_520676745 {\n  padding-top: 30px;\n  padding-bottom: 30px;\n  background-color: rgb(0, 63, 86);\n}\n<\/style>\n\t<\/section>\n\t\n","protected":false},"excerpt":{"rendered":"","protected":false},"author":1,"featured_media":0,"parent":0,"menu_order":0,"comment_status":"closed","ping_status":"closed","template":"","meta":{"footnotes":""},"class_list":["post-371","page","type-page","status-publish","hentry"],"yoast_head":"<!-- This site is optimized with the Yoast SEO Premium plugin v15.0 - https:\/\/yoast.com\/wordpress\/plugins\/seo\/ -->\n<title>\u0110\u1eb7t b\u1ed9 \u0111\u1eb7t n\u1ed9i kh\u00ed qu\u1ea3n - TDlite VietNam<\/title>\n<meta name=\"robots\" content=\"index, follow, max-snippet:-1, max-image-preview:large, max-video-preview:-1\" \/>\n<link rel=\"canonical\" href=\"https:\/\/tdlitevietnam.com\/index.php\/dat-bo-dat-noi-khi-quan\/\" \/>\n<meta property=\"og:locale\" content=\"vi_VN\" \/>\n<meta property=\"og:type\" content=\"article\" \/>\n<meta property=\"og:title\" content=\"\u0110\u1eb7t b\u1ed9 \u0111\u1eb7t n\u1ed9i kh\u00ed qu\u1ea3n - TDlite VietNam\" \/>\n<meta property=\"og:url\" content=\"https:\/\/tdlitevietnam.com\/index.php\/dat-bo-dat-noi-khi-quan\/\" \/>\n<meta property=\"og:site_name\" content=\"TDlite VietNam\" \/>\n<meta property=\"article:publisher\" content=\"https:\/\/www.facebook.com\/tdlitevietnam\" \/>\n<meta property=\"article:modified_time\" content=\"2022-05-05T12:12:08+00:00\" \/>\n<meta name=\"twitter:card\" content=\"summary_large_image\" \/>\n<script type=\"application\/ld+json\" class=\"yoast-schema-graph\">{\"@context\":\"https:\/\/schema.org\",\"@graph\":[{\"@type\":\"WebSite\",\"@id\":\"https:\/\/tdlitevietnam.com\/#website\",\"url\":\"https:\/\/tdlitevietnam.com\/\",\"name\":\"TDlite VietNam\",\"description\":\"\",\"potentialAction\":[{\"@type\":\"SearchAction\",\"target\":\"https:\/\/tdlitevietnam.com\/?s={search_term_string}\",\"query-input\":\"required name=search_term_string\"}],\"inLanguage\":\"vi\"},{\"@type\":\"WebPage\",\"@id\":\"https:\/\/tdlitevietnam.com\/index.php\/dat-bo-dat-noi-khi-quan\/#webpage\",\"url\":\"https:\/\/tdlitevietnam.com\/index.php\/dat-bo-dat-noi-khi-quan\/\",\"name\":\"\\u0110\\u1eb7t b\\u1ed9 \\u0111\\u1eb7t n\\u1ed9i kh\\u00ed qu\\u1ea3n - TDlite VietNam\",\"isPartOf\":{\"@id\":\"https:\/\/tdlitevietnam.com\/#website\"},\"datePublished\":\"2021-09-08T16:18:00+00:00\",\"dateModified\":\"2022-05-05T12:12:08+00:00\",\"breadcrumb\":{\"@id\":\"https:\/\/tdlitevietnam.com\/index.php\/dat-bo-dat-noi-khi-quan\/#breadcrumb\"},\"inLanguage\":\"vi\",\"potentialAction\":[{\"@type\":\"ReadAction\",\"target\":[\"https:\/\/tdlitevietnam.com\/index.php\/dat-bo-dat-noi-khi-quan\/\"]}]},{\"@type\":\"BreadcrumbList\",\"@id\":\"https:\/\/tdlitevietnam.com\/index.php\/dat-bo-dat-noi-khi-quan\/#breadcrumb\",\"itemListElement\":[{\"@type\":\"ListItem\",\"position\":1,\"item\":{\"@type\":\"WebPage\",\"@id\":\"https:\/\/tdlitevietnam.com\/\",\"url\":\"https:\/\/tdlitevietnam.com\/\",\"name\":\"Home\"}},{\"@type\":\"ListItem\",\"position\":2,\"item\":{\"@type\":\"WebPage\",\"@id\":\"https:\/\/tdlitevietnam.com\/index.php\/dat-bo-dat-noi-khi-quan\/\",\"url\":\"https:\/\/tdlitevietnam.com\/index.php\/dat-bo-dat-noi-khi-quan\/\",\"name\":\"\\u0110\\u1eb7t b\\u1ed9 \\u0111\\u1eb7t n\\u1ed9i kh\\u00ed qu\\u1ea3n\"}}]}]}<\/script>\n<!-- \/ Yoast SEO Premium plugin. -->","_links":{"self":[{"href":"https:\/\/tdlitevietnam.com\/index.php\/wp-json\/wp\/v2\/pages\/371","targetHints":{"allow":["GET"]}}],"collection":[{"href":"https:\/\/tdlitevietnam.com\/index.php\/wp-json\/wp\/v2\/pages"}],"about":[{"href":"https:\/\/tdlitevietnam.com\/index.php\/wp-json\/wp\/v2\/types\/page"}],"author":[{"embeddable":true,"href":"https:\/\/tdlitevietnam.com\/index.php\/wp-json\/wp\/v2\/users\/1"}],"replies":[{"embeddable":true,"href":"https:\/\/tdlitevietnam.com\/index.php\/wp-json\/wp\/v2\/comments?post=371"}],"version-history":[{"count":0,"href":"https:\/\/tdlitevietnam.com\/index.php\/wp-json\/wp\/v2\/pages\/371\/revisions"}],"wp:attachment":[{"href":"https:\/\/tdlitevietnam.com\/index.php\/wp-json\/wp\/v2\/media?parent=371"}],"curies":[{"name":"wp","href":"https:\/\/api.w.org\/{rel}","templated":true}]}}