{"id":361,"date":"2021-09-08T16:06:29","date_gmt":"2021-09-08T16:06:29","guid":{"rendered":"http:\/\/tdlitevietnam.com\/?page_id=361"},"modified":"2022-01-03T15:03:58","modified_gmt":"2022-01-03T15:03:58","slug":"tim-hieu-bo-dat-noi-khi-quan","status":"publish","type":"page","link":"https:\/\/tdlitevietnam.com\/index.php\/tim-hieu-bo-dat-noi-khi-quan\/","title":{"rendered":"T\u00ecm hi\u1ec3u b\u1ed9 \u0111\u1eb7t n\u1ed9i kh\u00ed qu\u1ea3n"},"content":{"rendered":"\t<section class=\"section\" id=\"section_2109420411\">\n\t\t<div class=\"bg section-bg fill bg-fill  bg-loaded\" >\n\n\t\t\t\n\t\t\t<div class=\"section-bg-overlay absolute fill\"><\/div>\n\t\t\t\n\n\t\t<\/div>\n\n\t\t<div class=\"section-content relative\">\n\t\t\t\n<div class=\"row\"  id=\"row-1639831223\">\n\n\t<div id=\"col-1129519595\" class=\"col small-12 large-12\"  >\n\t\t<div class=\"col-inner\"  >\n\t\t\t\n\t\t\t\n<div class=\"row\"  id=\"row-857779696\">\n\n\t<div id=\"col-1165481715\" class=\"col small-12 large-12\"  >\n\t\t<div class=\"col-inner\"  >\n\t\t\t\n\t\t\t\n<p style=\"text-align: center;\"><span style=\"color: #000000;\"><strong><span style=\"font-size: 250%;\">Kh\u00e1m ph\u00e1 \u0111\u00e8n n\u1ed9i soi thanh qu\u1ea3n TDlite Blade<\/span><\/strong><\/span><\/p>\n\t\t<\/div>\n\t\t\t<\/div>\n\n\t\n<\/div>\n\t\t<\/div>\n\t\t\n<style>\n#col-1129519595 > .col-inner {\n  margin: 60px 0px 0px 0px;\n}\n<\/style>\n\t<\/div>\n\n\t\n<\/div>\n\t\t<\/div>\n\n\t\t\n<style>\n#section_2109420411 {\n  padding-top: 30px;\n  padding-bottom: 30px;\n}\n#section_2109420411 .section-bg-overlay {\n  background-color: rgb(19, 197, 191);\n}\n<\/style>\n\t<\/section>\n\t\n\t<section class=\"section\" id=\"section_638316873\">\n\t\t<div class=\"bg section-bg fill bg-fill  bg-loaded\" >\n\n\t\t\t\n\t\t\t\n\t\t\t\n\t<div class=\"is-border\"\n\t\tstyle=\"border-width:0px px 0px 0px;\">\n\t<\/div>\n\n\t\t<\/div>\n\n\t\t<div class=\"section-content relative\">\n\t\t\t\n<div class=\"row\" style=\"max-width:1400px\" id=\"row-1777829994\">\n\n\t<div id=\"col-90141204\" class=\"col small-12 large-12\"  >\n\t\t<div class=\"col-inner\" style=\"background-color:rgb(255,255,255);\" >\n\t\t\t\n\t\t\t\n<p style=\"text-align: justify;\"><span style=\"font-family: arial, helvetica, sans-serif; font-size: 150%;\">\u0110\u1eb7t n\u1ed9i kh\u00ed qu\u1ea3n l\u00e0 th\u1ee7 thu\u1eadt r\u1ea5t quan tr\u1ecdng \u0111\u1ec3 \u0111\u1ea3m b\u1ea3o \u0111\u01b0\u1eddng th\u1edf trong c\u00e1c t\u00ecnh hu\u1ed1ng kh\u00e1c nhau, \u0111\u1eb7c bi\u1ec7t l\u00e0 trong nh\u1eefng c\u1ea5p c\u1ee9u ngo\u1ea1i vi\u1ec7n l\u1eabn n\u1ed9i vi\u1ec7n.<\/span><\/p>\n<p style=\"text-align: justify;\"><span style=\"font-family: arial, helvetica, sans-serif; font-size: 150%;\"> Nghi\u00ean c\u1ee9u c\u1ee7a Hi\u1ec7p h\u1ed9i c\u00e1c b\u00e1c s\u0129 g\u00e2y m\u00ea Hoa K\u1ef3 cho th\u1ea5y vi\u1ec7c \u0111\u1eb7t n\u1ed9i kh\u00ed qu\u1ea3n kh\u00f3 ho\u1eb7c \u0111\u1eb7t n\u1ed9i kh\u00ed qu\u1ea3n nh\u1ea7m th\u1ef1c qu\u1ea3n l\u00e0 nguy\u00ean nh\u00e2n c\u1ee7a kho\u1ea3ng 35% c\u00e1c bi\u1ebfn c\u1ed1 h\u00f4 h\u1ea5p \u0111e d\u1ecda t\u00ednh m\u1ea1ng, bao g\u1ed3m t\u1eed vong v\u00e0 t\u1ed5n th\u01b0\u01a1ng n\u00e3o v\u0129nh vi\u1ec5n. \u0110\u1eb7t \u1ed1ng n\u1ed9i kh\u00ed qu\u1ea3n kh\u00f3 g\u1eb7p t\u1ef7 l\u1ec7 5-8% trong ph\u1eabu thu\u1eadt chung v\u00e0 15-20% trong c\u00e1c ph\u1eabu thu\u1eadt v\u00f9ng h\u00e0m m\u1eb7t, n\u00f3 l\u00e0 nguy\u00ean nh\u00e2n ph\u1ed5 bi\u1ebfn nh\u1ea5t g\u00e2y t\u1eed vong ho\u1eb7c t\u1ed5n th\u01b0\u01a1ng n\u00e3o trong g\u00e2y m\u00ea ph\u1eabu thu\u1eadt. Tr\u00ean th\u1ebf gi\u1edbi, t\u1ef7 l\u1ec7 t\u1eed vong \u0111\u01b0\u1ee3c quy cho vi\u1ec7c th\u1ea5t b\u1ea1i khi \u0111\u1eb7t \u1ed1ng n\u1ed9i kh\u00ed qu\u1ea3n kh\u00f3 l\u00e0 nguy\u00ean nh\u00e2n h\u00e0ng \u0111\u1ea7u. \u1ede Vi\u1ec7t Nam ch\u01b0a c\u00f3 c\u00f4ng tr\u00ecnh n\u00e0o th\u1ed1ng k\u00ea t\u1ef7 l\u1ec7 t\u1eed vong do th\u1ea5t b\u1ea1i c\u1ee7a \u0111\u1eb7t \u1ed1ng n\u1ed9i kh\u00ed qu\u1ea3n kh\u00f3, nh\u01b0ng c\u00f3 l\u1ebd nh\u1eefng tr\u01b0\u1eddng h\u1ee3p n\u00e0y c\u0169ng kh\u00f4ng \u00edt. <\/span><\/p>\n<p style=\"text-align: justify;\"><span style=\"font-family: arial, helvetica, sans-serif; font-size: 150%;\">\u0110\u1ec3 gi\u1ea3m thi\u1ec3u r\u1ee7i ro \u0111\u00f3, b\u1ed9 \u0111\u1eb7t n\u1ed9i kh\u00ed qu\u1ea3n c\u00f3 camera l\u00e0 thi\u1ebft b\u1ecb h\u1ed7 tr\u1ee3 kh\u00f4ng th\u1ec3 thi\u1ebfu cho c\u00e1c BS trong ng\u00e0nh G\u00e2y M\u00ea H\u1ed3i S\u1ee9c v\u00e0 ng\u00e0nh H\u1ed3i S\u1ee9c C\u1ea5p C\u1ee9u \u0111\u1ea3m b\u1ea3o \u0111\u01b0\u1ee3c chuy\u00ean m\u00f4n c\u1ee7a m\u00ecnh m\u1ed9t c\u00e1ch t\u1ed1i \u01b0u nh\u1ea5t. Ngo\u00e0i ra, d\u1ee5ng c\u1ee5 \u0111\u1eb7t n\u1ed9i kh\u00ed qu\u1ea3n c\u00f3 camera \u0111\u00e3 \u0111\u01b0\u1ee3c th\u1ebf gi\u1edbi ch\u1ee9ng minh gi\u00fap gi\u1ea3m thi\u1ec3u l\u00e2y nhi\u1ec5m gi\u1ecdt b\u1eafn t\u1eeb b\u1ec7nh nh\u00e2n Covid-19 cho b\u00e1c s\u0129 th\u1ef1c hi\u1ec7n th\u1ee7 thu\u1eadt, v\u00e0 \u0111\u00e3 \u0111\u01b0\u1ee3c H\u1ed9i G\u00e2y M\u00ea H\u1ed3i S\u1ee9c Vi\u1ec7t Nam khuy\u1ebfn c\u00e1o s\u1eed d\u1ee5ng trong quy tr\u00ecnh \u0111\u1eb7t n\u1ed9i kh\u00ed qu\u1ea3n cho b\u1ec7nh nh\u00e2n Covid-19. <\/span><\/p>\n<p style=\"text-align: justify;\"><span style=\"font-family: arial, helvetica, sans-serif; font-size: 150%;\">Ch\u00fang t\u00f4i hy v\u1ecdng d\u1ee5ng c\u1ee5 n\u00e0y c\u00f3 th\u1ec3 gi\u00fap c\u00e1c b\u00e1c s\u0129 gi\u1ea3m b\u1edbt \u0111i ph\u1ea7n n\u00e0o g\u00e1nh n\u1eb7ng khi \u0111\u00e3 qu\u00e1 v\u1ea5t v\u1ea3 v\u1edbi c\u00f4ng vi\u1ec7c th\u01b0\u1eddng ng\u00e0y.<\/span><\/p>\n\t\t<\/div>\n\t\t\n<style>\n#col-90141204 > .col-inner {\n  padding: 0px 0px px 0px;\n}\n<\/style>\n\t<\/div>\n\n\t\n<\/div>\n\t\t<\/div>\n\n\t\t\n<style>\n#section_638316873 {\n  padding-top: 30px;\n  padding-bottom: 30px;\n}\n<\/style>\n\t<\/section>\n\t\n\t<section class=\"section\" id=\"section_1365422412\">\n\t\t<div class=\"bg section-bg fill bg-fill  bg-loaded\" >\n\n\t\t\t\n\t\t\t\n\t\t\t\n\n\t\t<\/div>\n\n\t\t<div class=\"section-content relative\">\n\t\t\t\n<h3 style=\"text-align: center;\"><span style=\"color: #ff0000; font-size: 160%;\">&#8220;CH\u00daNG T\u00d4I C\u00d3 CHUNG M\u1ed8T GI\u1ea4C M\u01a0 \u0110\u00d3 L\u00c0 KH\u00d4NG C\u00d2N N\u1ed8I KH\u00cd QU\u1ea2N KH\u00d3&#8221;<\/span><\/h3>\n\t\t<\/div>\n\n\t\t\n<style>\n#section_1365422412 {\n  padding-top: 30px;\n  padding-bottom: 30px;\n}\n<\/style>\n\t<\/section>\n\t\n  <div class=\"banner-grid-wrapper\">\n  <div id=\"banner-grid-439409793\" class=\"banner-grid row row-grid row-small\" data-packery-options=\"\">\n                      \n<div class=\"col grid-col large-6 grid-col-1\" ><div class=\"col-inner\">\n\t<div class=\"img has-hover x md-x lg-x y md-y lg-y\" id=\"image_1972956872\">\n\t\t\t\t\t\t\t\t<div class=\"img-inner dark\" >\n\t\t\t<img decoding=\"async\" width=\"831\" height=\"1024\" src=\"https:\/\/tdlitevietnam.com\/wp-content\/uploads\/2022\/01\/TDLiteBlade_7-1-scaled-e1641221939209-831x1024.jpg\" class=\"attachment-large size-large\" alt=\"\" srcset=\"https:\/\/tdlitevietnam.com\/wp-content\/uploads\/2022\/01\/TDLiteBlade_7-1-scaled-e1641221939209-831x1024.jpg 831w, https:\/\/tdlitevietnam.com\/wp-content\/uploads\/2022\/01\/TDLiteBlade_7-1-scaled-e1641221939209-244x300.jpg 244w, https:\/\/tdlitevietnam.com\/wp-content\/uploads\/2022\/01\/TDLiteBlade_7-1-scaled-e1641221939209-768x946.jpg 768w, https:\/\/tdlitevietnam.com\/wp-content\/uploads\/2022\/01\/TDLiteBlade_7-1-scaled-e1641221939209-1247x1536.jpg 1247w, https:\/\/tdlitevietnam.com\/wp-content\/uploads\/2022\/01\/TDLiteBlade_7-1-scaled-e1641221939209.jpg 1382w\" sizes=\"(max-width: 831px) 100vw, 831px\" \/>\t\t\t\t\t\t\n\t\t\t\t\t<\/div>\n\t\t\t\t\t\t\t\t\n<style>\n#image_1972956872 {\n  width: 100%;\n}\n<\/style>\n\t<\/div>\n\t\n<\/div><\/div>\n<div class=\"col grid-col large-3 grid-col-1\" ><div class=\"col-inner\">\n\t<div class=\"img has-hover x md-x lg-x y md-y lg-y\" id=\"image_1497119430\">\n\t\t\t\t\t\t\t\t<div class=\"img-inner dark\" >\n\t\t\t<img decoding=\"async\" width=\"683\" height=\"1024\" src=\"https:\/\/tdlitevietnam.com\/wp-content\/uploads\/2021\/12\/may-nhom-683x1024.png\" class=\"attachment-large size-large\" alt=\"\" srcset=\"https:\/\/tdlitevietnam.com\/wp-content\/uploads\/2021\/12\/may-nhom-683x1024.png 683w, https:\/\/tdlitevietnam.com\/wp-content\/uploads\/2021\/12\/may-nhom-200x300.png 200w, https:\/\/tdlitevietnam.com\/wp-content\/uploads\/2021\/12\/may-nhom-768x1152.png 768w, https:\/\/tdlitevietnam.com\/wp-content\/uploads\/2021\/12\/may-nhom-1024x1536.png 1024w, https:\/\/tdlitevietnam.com\/wp-content\/uploads\/2021\/12\/may-nhom-1365x2048.png 1365w\" sizes=\"(max-width: 683px) 100vw, 683px\" \/>\t\t\t\t\t\t\n\t\t\t\t\t<\/div>\n\t\t\t\t\t\t\t\t\n<style>\n#image_1497119430 {\n  width: 100%;\n}\n<\/style>\n\t<\/div>\n\t\n<\/div><\/div>\n<div class=\"col grid-col large-3 grid-col-1-2\" ><div class=\"col-inner\">\n\t<div class=\"img has-hover x md-x lg-x y md-y lg-y\" id=\"image_1718689870\">\n\t\t\t\t\t\t\t\t<div class=\"img-inner dark\" >\n\t\t\t<img decoding=\"async\" width=\"1020\" height=\"681\" src=\"https:\/\/tdlitevietnam.com\/wp-content\/uploads\/2022\/01\/TDLiteBlade_16-1024x684.jpg\" class=\"attachment-large size-large\" alt=\"\" srcset=\"https:\/\/tdlitevietnam.com\/wp-content\/uploads\/2022\/01\/TDLiteBlade_16-1024x684.jpg 1024w, https:\/\/tdlitevietnam.com\/wp-content\/uploads\/2022\/01\/TDLiteBlade_16-300x200.jpg 300w, https:\/\/tdlitevietnam.com\/wp-content\/uploads\/2022\/01\/TDLiteBlade_16-768x513.jpg 768w, https:\/\/tdlitevietnam.com\/wp-content\/uploads\/2022\/01\/TDLiteBlade_16-1536x1025.jpg 1536w, https:\/\/tdlitevietnam.com\/wp-content\/uploads\/2022\/01\/TDLiteBlade_16-2048x1367.jpg 2048w\" sizes=\"(max-width: 1020px) 100vw, 1020px\" \/>\t\t\t\t\t\t\n\t\t\t\t\t<\/div>\n\t\t\t\t\t\t\t\t\n<style>\n#image_1718689870 {\n  width: 100%;\n}\n<\/style>\n\t<\/div>\n\t\n<\/div><\/div>\n<div class=\"col grid-col large-3 grid-col-1-2\" ><div class=\"col-inner\">\n\t<div class=\"img has-hover x md-x lg-x y md-y lg-y\" id=\"image_1245193448\">\n\t\t\t\t\t\t\t\t<div class=\"img-inner dark\" >\n\t\t\t<img decoding=\"async\" width=\"1020\" height=\"681\" src=\"https:\/\/tdlitevietnam.com\/wp-content\/uploads\/2022\/01\/TDLiteBlade_20-1024x684.jpg\" class=\"attachment-large size-large\" alt=\"\" srcset=\"https:\/\/tdlitevietnam.com\/wp-content\/uploads\/2022\/01\/TDLiteBlade_20-1024x684.jpg 1024w, https:\/\/tdlitevietnam.com\/wp-content\/uploads\/2022\/01\/TDLiteBlade_20-300x200.jpg 300w, https:\/\/tdlitevietnam.com\/wp-content\/uploads\/2022\/01\/TDLiteBlade_20-768x513.jpg 768w, https:\/\/tdlitevietnam.com\/wp-content\/uploads\/2022\/01\/TDLiteBlade_20-1536x1025.jpg 1536w, https:\/\/tdlitevietnam.com\/wp-content\/uploads\/2022\/01\/TDLiteBlade_20-2048x1367.jpg 2048w\" sizes=\"(max-width: 1020px) 100vw, 1020px\" \/>\t\t\t\t\t\t\n\t\t\t\t\t<\/div>\n\t\t\t\t\t\t\t\t\n<style>\n#image_1245193448 {\n  width: 100%;\n}\n<\/style>\n\t<\/div>\n\t\n<\/div><\/div>\n            <\/div>\n    <style>\n    #banner-grid-439409793 .grid-col-1{height: 600px}\n    #banner-grid-439409793 .grid-col-1-2{height: 300px}\n    #banner-grid-439409793 .grid-col-1-3{height:200px}\n    #banner-grid-439409793 .grid-col-2-3{height: 400px}\n    #banner-grid-439409793 .grid-col-1-4{height: 150px}\n    #banner-grid-439409793 .grid-col-3-4{height: 450px}\n\n\n    \n    \n\n  <\/style>\n    <\/div>\n  \n","protected":false},"excerpt":{"rendered":"","protected":false},"author":1,"featured_media":0,"parent":0,"menu_order":0,"comment_status":"closed","ping_status":"closed","template":"","meta":{"footnotes":""},"class_list":["post-361","page","type-page","status-publish","hentry"],"yoast_head":"<!-- This site is optimized with the Yoast SEO Premium plugin v15.0 - https:\/\/yoast.com\/wordpress\/plugins\/seo\/ -->\n<title>T\u00ecm hi\u1ec3u b\u1ed9 \u0111\u1eb7t n\u1ed9i kh\u00ed qu\u1ea3n - TDlite VietNam<\/title>\n<meta name=\"robots\" content=\"index, follow, max-snippet:-1, max-image-preview:large, max-video-preview:-1\" \/>\n<link rel=\"canonical\" href=\"https:\/\/tdlitevietnam.com\/index.php\/tim-hieu-bo-dat-noi-khi-quan\/\" \/>\n<meta property=\"og:locale\" content=\"vi_VN\" \/>\n<meta property=\"og:type\" content=\"article\" \/>\n<meta property=\"og:title\" content=\"T\u00ecm hi\u1ec3u b\u1ed9 \u0111\u1eb7t n\u1ed9i kh\u00ed qu\u1ea3n - TDlite VietNam\" \/>\n<meta property=\"og:url\" content=\"https:\/\/tdlitevietnam.com\/index.php\/tim-hieu-bo-dat-noi-khi-quan\/\" \/>\n<meta property=\"og:site_name\" content=\"TDlite VietNam\" \/>\n<meta property=\"article:publisher\" content=\"https:\/\/www.facebook.com\/tdlitevietnam\" \/>\n<meta property=\"article:modified_time\" content=\"2022-01-03T15:03:58+00:00\" \/>\n<meta name=\"twitter:card\" content=\"summary_large_image\" \/>\n<script type=\"application\/ld+json\" class=\"yoast-schema-graph\">{\"@context\":\"https:\/\/schema.org\",\"@graph\":[{\"@type\":\"WebSite\",\"@id\":\"https:\/\/tdlitevietnam.com\/#website\",\"url\":\"https:\/\/tdlitevietnam.com\/\",\"name\":\"TDlite VietNam\",\"description\":\"\",\"potentialAction\":[{\"@type\":\"SearchAction\",\"target\":\"https:\/\/tdlitevietnam.com\/?s={search_term_string}\",\"query-input\":\"required name=search_term_string\"}],\"inLanguage\":\"vi\"},{\"@type\":\"WebPage\",\"@id\":\"https:\/\/tdlitevietnam.com\/index.php\/tim-hieu-bo-dat-noi-khi-quan\/#webpage\",\"url\":\"https:\/\/tdlitevietnam.com\/index.php\/tim-hieu-bo-dat-noi-khi-quan\/\",\"name\":\"T\\u00ecm hi\\u1ec3u b\\u1ed9 \\u0111\\u1eb7t n\\u1ed9i kh\\u00ed qu\\u1ea3n - TDlite VietNam\",\"isPartOf\":{\"@id\":\"https:\/\/tdlitevietnam.com\/#website\"},\"datePublished\":\"2021-09-08T16:06:29+00:00\",\"dateModified\":\"2022-01-03T15:03:58+00:00\",\"breadcrumb\":{\"@id\":\"https:\/\/tdlitevietnam.com\/index.php\/tim-hieu-bo-dat-noi-khi-quan\/#breadcrumb\"},\"inLanguage\":\"vi\",\"potentialAction\":[{\"@type\":\"ReadAction\",\"target\":[\"https:\/\/tdlitevietnam.com\/index.php\/tim-hieu-bo-dat-noi-khi-quan\/\"]}]},{\"@type\":\"BreadcrumbList\",\"@id\":\"https:\/\/tdlitevietnam.com\/index.php\/tim-hieu-bo-dat-noi-khi-quan\/#breadcrumb\",\"itemListElement\":[{\"@type\":\"ListItem\",\"position\":1,\"item\":{\"@type\":\"WebPage\",\"@id\":\"https:\/\/tdlitevietnam.com\/\",\"url\":\"https:\/\/tdlitevietnam.com\/\",\"name\":\"Home\"}},{\"@type\":\"ListItem\",\"position\":2,\"item\":{\"@type\":\"WebPage\",\"@id\":\"https:\/\/tdlitevietnam.com\/index.php\/tim-hieu-bo-dat-noi-khi-quan\/\",\"url\":\"https:\/\/tdlitevietnam.com\/index.php\/tim-hieu-bo-dat-noi-khi-quan\/\",\"name\":\"T\\u00ecm hi\\u1ec3u b\\u1ed9 \\u0111\\u1eb7t n\\u1ed9i kh\\u00ed qu\\u1ea3n\"}}]}]}<\/script>\n<!-- \/ Yoast SEO Premium plugin. -->","_links":{"self":[{"href":"https:\/\/tdlitevietnam.com\/index.php\/wp-json\/wp\/v2\/pages\/361","targetHints":{"allow":["GET"]}}],"collection":[{"href":"https:\/\/tdlitevietnam.com\/index.php\/wp-json\/wp\/v2\/pages"}],"about":[{"href":"https:\/\/tdlitevietnam.com\/index.php\/wp-json\/wp\/v2\/types\/page"}],"author":[{"embeddable":true,"href":"https:\/\/tdlitevietnam.com\/index.php\/wp-json\/wp\/v2\/users\/1"}],"replies":[{"embeddable":true,"href":"https:\/\/tdlitevietnam.com\/index.php\/wp-json\/wp\/v2\/comments?post=361"}],"version-history":[{"count":0,"href":"https:\/\/tdlitevietnam.com\/index.php\/wp-json\/wp\/v2\/pages\/361\/revisions"}],"wp:attachment":[{"href":"https:\/\/tdlitevietnam.com\/index.php\/wp-json\/wp\/v2\/media?parent=361"}],"curies":[{"name":"wp","href":"https:\/\/api.w.org\/{rel}","templated":true}]}}