{"id":350,"date":"2021-09-08T15:19:35","date_gmt":"2021-09-08T15:19:35","guid":{"rendered":"http:\/\/tdlitevietnam.com\/?page_id=350"},"modified":"2022-05-05T12:14:23","modified_gmt":"2022-05-05T12:14:23","slug":"chinh-sach-bao-hanh-2","status":"publish","type":"page","link":"https:\/\/tdlitevietnam.com\/index.php\/chinh-sach-bao-hanh-2\/","title":{"rendered":"Ch\u00ednh s\u00e1ch b\u1ea3o h\u00e0nh"},"content":{"rendered":"\t<section class=\"section dark\" id=\"section_1555978562\">\n\t\t<div class=\"bg section-bg fill bg-fill  bg-loaded\" >\n\n\t\t\t\n\t\t\t\n\t\t\t\n\n\t\t<\/div>\n\n\t\t<div class=\"section-content relative\">\n\t\t\t\n\t\t<\/div>\n\n\t\t\n<style>\n#section_1555978562 {\n  padding-top: 30px;\n  padding-bottom: 30px;\n  background-color: rgb(0,0,0);\n}\n<\/style>\n\t<\/section>\n\t\n\t<section class=\"section\" id=\"section_1111438760\">\n\t\t<div class=\"bg section-bg fill bg-fill  bg-loaded\" >\n\n\t\t\t\n\t\t\t\n\t\t\t\n\n\t\t<\/div>\n\n\t\t<div class=\"section-content relative\">\n\t\t\t\n<div class=\"row row-small row-full-width align-middle align-center row-dashed\"  id=\"row-1305292283\">\n\n\t<div id=\"col-1222602958\" class=\"col medium-10 small-12 large-10\"  >\n\t\t<div class=\"col-inner text-center\"  >\n\t\t\t\n\t\t\t\n<h1><span style=\"font-size: 140%; color: #ff0000;\"><strong>Ch\u00ednh s\u00e1ch b\u1ea3o h\u00e0nh<\/strong><\/span><\/h1>\n<div id=\"gtx-trans\" style=\"position: absolute; left: -38px; top: 33.3906px;\">\n<div class=\"gtx-trans-icon\">\u00a0<\/div>\n<\/div>\n\t\t<\/div>\n\t\t\t<\/div>\n\n\t\n<\/div>\n\t\t<\/div>\n\n\t\t\n<style>\n#section_1111438760 {\n  padding-top: 30px;\n  padding-bottom: 30px;\n  min-height: 50px;\n  background-color: rgb(0,0,0);\n}\n<\/style>\n\t<\/section>\n\t\n\t<section class=\"section\" id=\"section_1816458725\">\n\t\t<div class=\"bg section-bg fill bg-fill  bg-loaded\" >\n\n\t\t\t\n\t\t\t\n\t\t\t\n\t<div class=\"is-border\"\n\t\tstyle=\"border-color:rgb(235, 235, 235);border-width:1px 0px 0px 0px;\">\n\t<\/div>\n\n\t\t<\/div>\n\n\t\t<div class=\"section-content relative\">\n\t\t\t\n<div class=\"row row-large align-middle align-center\"  id=\"row-1834904658\">\n\n\t<div id=\"col-1655613946\" class=\"col medium-5 small-12 large-5\"  >\n\t\t<div class=\"col-inner box-shadow-2 box-shadow-5-hover\" style=\"background-color:rgb(255, 255, 255);\" >\n\t\t\t\n\t\t\t\n\t<div class=\"img has-hover x md-x lg-x y md-y lg-y\" id=\"image_822505460\">\n\t\t\t\t\t\t\t\t<div class=\"img-inner dark\" style=\"margin:px 0px 0px 0px;\">\n\t\t\t<img decoding=\"async\" width=\"600\" height=\"600\" src=\"https:\/\/tdlitevietnam.com\/wp-content\/uploads\/2021\/09\/product_4-1.jpg\" class=\"attachment-large size-large\" alt=\"\" srcset=\"https:\/\/tdlitevietnam.com\/wp-content\/uploads\/2021\/09\/product_4-1.jpg 600w, https:\/\/tdlitevietnam.com\/wp-content\/uploads\/2021\/09\/product_4-1-300x300.jpg 300w, https:\/\/tdlitevietnam.com\/wp-content\/uploads\/2021\/09\/product_4-1-150x150.jpg 150w\" sizes=\"(max-width: 600px) 100vw, 600px\" \/>\t\t\t\t\t\t\n\t\t\t\t\t<\/div>\n\t\t\t\t\t\t\t\t\n<style>\n#image_822505460 {\n  width: 100%;\n}\n<\/style>\n\t<\/div>\n\t\n\t\t<\/div>\n\t\t\n<style>\n#col-1655613946 > .col-inner {\n  margin: 50px 0px 0px 0px;\n}\n<\/style>\n\t<\/div>\n\n\t\n\n\t<div id=\"col-1016243220\" class=\"col medium-6 small-12 large-6\"  >\n\t\t<div class=\"col-inner text-center\"  >\n\t\t\t\n\t\t\t\n<p><strong>\u0110\u00c8N SOI T\u0128NH M\u1ea0CH<\/strong><\/p>\n<p style=\"text-align: left;\">\u00a0 &#8211; Th\u1eddi gian b\u1ea3o h\u00e0nh 3 n\u0103m k\u1ec3 t\u1eeb khi kh\u00e1ch h\u00e0ng mua s\u1ea3n ph\u1ea9m.<\/p>\n<p style=\"text-align: left;\">\u00a0 &#8211; S\u1ea3n ph\u1ea9m kh\u00f4ng \u0111\u01b0\u1ee3c b\u1ea3o h\u00e0nh trong c\u00e1c tr\u01b0\u1eddng h\u1ee3p: R\u01a1i v\u1ee1, va ch\u1ea1m m\u1ea1nh g\u00e2y h\u01b0 h\u1ecfng, ch\u00e1y n\u1ed5, ng\u1eadp n\u01b0\u1edbc&#8230;<\/p>\n\t\t<\/div>\n\t\t\t<\/div>\n\n\t\n<\/div>\n\t\t<\/div>\n\n\t\t\n<style>\n#section_1816458725 {\n  padding-top: 59px;\n  padding-bottom: 59px;\n  min-height: 300px;\n  background-color: rgb(240, 240, 240);\n}\n<\/style>\n\t<\/section>\n\t\n\t<section class=\"section\" id=\"section_1938569222\">\n\t\t<div class=\"bg section-bg fill bg-fill  bg-loaded\" >\n\n\t\t\t\n\t\t\t\n\t\t\t\n\t<div class=\"is-border\"\n\t\tstyle=\"border-color:rgb(235, 235, 235);border-width:1px 0px 0px 0px;\">\n\t<\/div>\n\n\t\t<\/div>\n\n\t\t<div class=\"section-content relative\">\n\t\t\t\n<div class=\"row row-large align-middle align-center\"  id=\"row-311055932\">\n\n\t<div id=\"col-1508577842\" class=\"col medium-5 small-12 large-5\"  >\n\t\t<div class=\"col-inner box-shadow-2 box-shadow-5-hover\" style=\"background-color:rgb(255, 255, 255);\" >\n\t\t\t\n\t\t\t\n\t<div class=\"img has-hover x md-x lg-x y md-y lg-y\" id=\"image_2120368827\">\n\t\t\t\t\t\t\t\t<div class=\"img-inner dark\" style=\"margin:px 0px 0px 0px;\">\n\t\t\t<img decoding=\"async\" width=\"1020\" height=\"679\" src=\"https:\/\/tdlitevietnam.com\/wp-content\/uploads\/2022\/05\/9d8f25bf98f855a60ce9-1024x682.jpg\" class=\"attachment-large size-large\" alt=\"\" srcset=\"https:\/\/tdlitevietnam.com\/wp-content\/uploads\/2022\/05\/9d8f25bf98f855a60ce9-1024x682.jpg 1024w, https:\/\/tdlitevietnam.com\/wp-content\/uploads\/2022\/05\/9d8f25bf98f855a60ce9-300x200.jpg 300w, https:\/\/tdlitevietnam.com\/wp-content\/uploads\/2022\/05\/9d8f25bf98f855a60ce9-768x512.jpg 768w, https:\/\/tdlitevietnam.com\/wp-content\/uploads\/2022\/05\/9d8f25bf98f855a60ce9-1536x1024.jpg 1536w, https:\/\/tdlitevietnam.com\/wp-content\/uploads\/2022\/05\/9d8f25bf98f855a60ce9-2048x1365.jpg 2048w\" sizes=\"(max-width: 1020px) 100vw, 1020px\" \/>\t\t\t\t\t\t\n\t\t\t\t\t<\/div>\n\t\t\t\t\t\t\t\t\n<style>\n#image_2120368827 {\n  width: 100%;\n}\n<\/style>\n\t<\/div>\n\t\n\t\t<\/div>\n\t\t\n<style>\n#col-1508577842 > .col-inner {\n  margin: 50px 0px 0px 0px;\n}\n<\/style>\n\t<\/div>\n\n\t\n\n\t<div id=\"col-1123103455\" class=\"col medium-6 small-12 large-6\"  >\n\t\t<div class=\"col-inner text-center\"  >\n\t\t\t\n\t\t\t\n<p><strong>B\u1ed8 \u0110\u1eb6T N\u1ed8I KH\u00cd QU\u1ea2N C\u00d3 CAMERA<\/strong><\/p>\n<p style=\"text-align: left;\">\u00a0 &#8211; B\u1ea3o h\u00e0nh 12 th\u00e1ng k\u1ec3 t\u1eeb khi kh\u00e1ch h\u00e0ng mua s\u1ea3n ph\u1ea9m.<\/p>\n<p style=\"text-align: left;\">\u00a0 &#8211; S\u1ea3n ph\u1ea9m kh\u00f4ng \u0111\u01b0\u1ee3c b\u1ea3o h\u00e0nh trong c\u00e1c tr\u01b0\u1eddng h\u1ee3p: R\u01a1i v\u1ee1, va ch\u1ea1m m\u1ea1nh g\u00e2y h\u01b0 h\u1ecfng, ch\u00e1y n\u1ed5, ng\u1eadp n\u01b0\u1edbc(\u0111\u1ed1i v\u1edbi m\u00e0n h\u00ecnh LCD)\u2026<\/p>\n\t\t<\/div>\n\t\t\t<\/div>\n\n\t\n<\/div>\n\t\t<\/div>\n\n\t\t\n<style>\n#section_1938569222 {\n  padding-top: 59px;\n  padding-bottom: 59px;\n  min-height: 300px;\n  background-color: rgb(240, 240, 240);\n}\n<\/style>\n\t<\/section>\n\t\n\t<section class=\"section\" id=\"section_1988142475\">\n\t\t<div class=\"bg section-bg fill bg-fill  bg-loaded\" >\n\n\t\t\t\n\t\t\t\n\t\t\t\n\n\t\t<\/div>\n\n\t\t<div class=\"section-content relative\">\n\t\t\t\n<div class=\"row align-center\"  id=\"row-624995969\">\n\n\t<div id=\"col-2114874503\" class=\"col medium-10 small-12 large-10\"  >\n\t\t<div class=\"col-inner text-center\"  >\n\t\t\t\n\t\t\t\n<p>\u00a0<\/p>\n<h2 class=\"uppercase\"><span style=\"color: #f99b1c;\">Trung t\u00e2m b\u1ea3o h\u00e0nh<\/span><\/h2>\n<p>C\u00f4ng ty TNHH TDlite VietNam<\/p>\n<p>45 \u0110inh C\u00f4ng Ch\u00e1nh, P. Long Tuy\u1ec1n, Q. B\u00ecnh Th\u1ee7y, Tp. C\u1ea7n Th\u01a1<\/p>\n<p>\u0110i\u1ec7n tho\u1ea1i: 0888 140 141 \u2013 0977 140 141<\/p>\n<p>Email: tdlitevietnam@gmail.com<\/p>\n\t\t<\/div>\n\t\t\t<\/div>\n\n\t\n<\/div>\n\t\t<\/div>\n\n\t\t\n<style>\n#section_1988142475 {\n  padding-top: 60px;\n  padding-bottom: 60px;\n  min-height: 300px;\n  background-color: rgb(245, 245, 245);\n}\n<\/style>\n\t<\/section>\n\t\n","protected":false},"excerpt":{"rendered":"","protected":false},"author":1,"featured_media":0,"parent":0,"menu_order":0,"comment_status":"closed","ping_status":"closed","template":"","meta":{"footnotes":""},"class_list":["post-350","page","type-page","status-publish","hentry"],"yoast_head":"<!-- This site is optimized with the Yoast SEO Premium plugin v15.0 - https:\/\/yoast.com\/wordpress\/plugins\/seo\/ -->\n<title>Ch\u00ednh s\u00e1ch b\u1ea3o h\u00e0nh - TDlite VietNam<\/title>\n<meta name=\"robots\" content=\"index, follow, max-snippet:-1, max-image-preview:large, max-video-preview:-1\" \/>\n<link rel=\"canonical\" href=\"https:\/\/tdlitevietnam.com\/index.php\/chinh-sach-bao-hanh-2\/\" \/>\n<meta property=\"og:locale\" content=\"vi_VN\" \/>\n<meta property=\"og:type\" content=\"article\" \/>\n<meta property=\"og:title\" content=\"Ch\u00ednh s\u00e1ch b\u1ea3o h\u00e0nh - TDlite VietNam\" \/>\n<meta property=\"og:url\" content=\"https:\/\/tdlitevietnam.com\/index.php\/chinh-sach-bao-hanh-2\/\" \/>\n<meta property=\"og:site_name\" content=\"TDlite VietNam\" \/>\n<meta property=\"article:publisher\" content=\"https:\/\/www.facebook.com\/tdlitevietnam\" \/>\n<meta property=\"article:modified_time\" content=\"2022-05-05T12:14:23+00:00\" \/>\n<meta name=\"twitter:card\" content=\"summary_large_image\" \/>\n<script type=\"application\/ld+json\" class=\"yoast-schema-graph\">{\"@context\":\"https:\/\/schema.org\",\"@graph\":[{\"@type\":\"WebSite\",\"@id\":\"https:\/\/tdlitevietnam.com\/#website\",\"url\":\"https:\/\/tdlitevietnam.com\/\",\"name\":\"TDlite VietNam\",\"description\":\"\",\"potentialAction\":[{\"@type\":\"SearchAction\",\"target\":\"https:\/\/tdlitevietnam.com\/?s={search_term_string}\",\"query-input\":\"required name=search_term_string\"}],\"inLanguage\":\"vi\"},{\"@type\":\"WebPage\",\"@id\":\"https:\/\/tdlitevietnam.com\/index.php\/chinh-sach-bao-hanh-2\/#webpage\",\"url\":\"https:\/\/tdlitevietnam.com\/index.php\/chinh-sach-bao-hanh-2\/\",\"name\":\"Ch\\u00ednh s\\u00e1ch b\\u1ea3o h\\u00e0nh - TDlite VietNam\",\"isPartOf\":{\"@id\":\"https:\/\/tdlitevietnam.com\/#website\"},\"datePublished\":\"2021-09-08T15:19:35+00:00\",\"dateModified\":\"2022-05-05T12:14:23+00:00\",\"breadcrumb\":{\"@id\":\"https:\/\/tdlitevietnam.com\/index.php\/chinh-sach-bao-hanh-2\/#breadcrumb\"},\"inLanguage\":\"vi\",\"potentialAction\":[{\"@type\":\"ReadAction\",\"target\":[\"https:\/\/tdlitevietnam.com\/index.php\/chinh-sach-bao-hanh-2\/\"]}]},{\"@type\":\"BreadcrumbList\",\"@id\":\"https:\/\/tdlitevietnam.com\/index.php\/chinh-sach-bao-hanh-2\/#breadcrumb\",\"itemListElement\":[{\"@type\":\"ListItem\",\"position\":1,\"item\":{\"@type\":\"WebPage\",\"@id\":\"https:\/\/tdlitevietnam.com\/\",\"url\":\"https:\/\/tdlitevietnam.com\/\",\"name\":\"Home\"}},{\"@type\":\"ListItem\",\"position\":2,\"item\":{\"@type\":\"WebPage\",\"@id\":\"https:\/\/tdlitevietnam.com\/index.php\/chinh-sach-bao-hanh-2\/\",\"url\":\"https:\/\/tdlitevietnam.com\/index.php\/chinh-sach-bao-hanh-2\/\",\"name\":\"Ch\\u00ednh s\\u00e1ch b\\u1ea3o h\\u00e0nh\"}}]}]}<\/script>\n<!-- \/ Yoast SEO Premium plugin. -->","_links":{"self":[{"href":"https:\/\/tdlitevietnam.com\/index.php\/wp-json\/wp\/v2\/pages\/350","targetHints":{"allow":["GET"]}}],"collection":[{"href":"https:\/\/tdlitevietnam.com\/index.php\/wp-json\/wp\/v2\/pages"}],"about":[{"href":"https:\/\/tdlitevietnam.com\/index.php\/wp-json\/wp\/v2\/types\/page"}],"author":[{"embeddable":true,"href":"https:\/\/tdlitevietnam.com\/index.php\/wp-json\/wp\/v2\/users\/1"}],"replies":[{"embeddable":true,"href":"https:\/\/tdlitevietnam.com\/index.php\/wp-json\/wp\/v2\/comments?post=350"}],"version-history":[{"count":0,"href":"https:\/\/tdlitevietnam.com\/index.php\/wp-json\/wp\/v2\/pages\/350\/revisions"}],"wp:attachment":[{"href":"https:\/\/tdlitevietnam.com\/index.php\/wp-json\/wp\/v2\/media?parent=350"}],"curies":[{"name":"wp","href":"https:\/\/api.w.org\/{rel}","templated":true}]}}