{"id":188,"date":"2021-09-03T09:17:34","date_gmt":"2021-09-03T09:17:34","guid":{"rendered":"http:\/\/tdlitevietnam.com\/?page_id=188"},"modified":"2023-05-24T05:04:35","modified_gmt":"2023-05-24T05:04:35","slug":"bang-gia","status":"publish","type":"page","link":"https:\/\/tdlitevietnam.com\/index.php\/bang-gia\/","title":{"rendered":"B\u1ea2NG GI\u00c1"},"content":{"rendered":"\t<section class=\"section\" id=\"section_1998300461\">\n\t\t<div class=\"bg section-bg fill bg-fill  bg-loaded\" >\n\n\t\t\t\n\t\t\t\n\t\t\t\n\n\t\t<\/div>\n\n\t\t<div class=\"section-content relative\">\n\t\t\t\n<div class=\"slider-wrapper relative\" id=\"slider-1365968901\" >\n    <div class=\"slider slider-nav-circle slider-nav-large slider-nav-light slider-style-normal\"\n        data-flickity-options='{\n            \"cellAlign\": \"center\",\n            \"imagesLoaded\": true,\n            \"lazyLoad\": 1,\n            \"freeScroll\": false,\n            \"wrapAround\": true,\n            \"autoPlay\": 6000,\n            \"pauseAutoPlayOnHover\" : true,\n            \"prevNextButtons\": true,\n            \"contain\" : true,\n            \"adaptiveHeight\" : true,\n            \"dragThreshold\" : 10,\n            \"percentPosition\": true,\n            \"pageDots\": true,\n            \"rightToLeft\": false,\n            \"draggable\": true,\n            \"selectedAttraction\": 0.1,\n            \"parallax\" : 0,\n            \"friction\": 0.6        }'\n        >\n        \n     <\/div>\n\n     <div class=\"loading-spin dark large centered\"><\/div>\n\n     <\/div>\n\n\n\t\t<\/div>\n\n\t\t\n<style>\n#section_1998300461 {\n  padding-top: 30px;\n  padding-bottom: 30px;\n  background-color: rgb(0,0,0);\n}\n<\/style>\n\t<\/section>\n\t\n\t<section class=\"section\" id=\"section_316103832\">\n\t\t<div class=\"bg section-bg fill bg-fill  bg-loaded\" >\n\n\t\t\t\n\t\t\t<div class=\"effect-sparkle bg-effect fill no-click\"><\/div>\n\t\t\t\n\t<div class=\"is-border\"\n\t\tstyle=\"border-width:px 0px 0px 0px;margin:10px 0px 0px 0px;\">\n\t<\/div>\n\n\t\t<\/div>\n\n\t\t<div class=\"section-content relative\">\n\t\t\t\n<div class=\"row row-full-width align-middle align-center\"  id=\"row-855349486\">\n\n\t<div id=\"col-2039183145\" class=\"col medium-6 small-12 large-6\"  data-animate=\"fadeInLeft\">\n\t\t<div class=\"col-inner text-center\"  >\n\t\t\t\n\t\t\t\n\t<div id=\"text-2822055265\" class=\"text\">\n\t\t\n<h2 id=\"banggia\" style=\"text-align: center;\"><span style=\"color: #ffffff;\">GI\u00c1 B\u00c1N<\/span><\/h2>\n<h1 style=\"font-size: 40pt; text-align: center;\"><span style=\"color: #ffffff; font-size: 90%;\">Li\u00ean h\u1ec7<\/span><\/h1>\n<p style=\"text-align: center;\"><span style=\"color: #ff0000; font-size: 200%;\"><strong>0888140141 &#8211; 0977140141<\/strong><\/span><\/p>\n<p style=\"text-align: center;\"><span style=\"font-size: 120%; color: #ffffff;\">Mi\u1ec5n ph\u00ed giao h\u00e0ng to\u00e0n qu\u1ed1c<\/span><\/p>\n<p style=\"text-align: center;\"><span style=\"font-size: 120%; color: #ffffff;\">B\u1ea3o h\u00e0nh trong v\u00f2ng 12 th\u00e1ng<\/span><\/p>\n\t\t\n<style>\n#text-2822055265 {\n  text-align: center;\n}\n<\/style>\n\t<\/div>\n\t\n<a href=\"http:\/\/tdlitevietnam.com\/index.php\/dat-bo-dat-noi-khi-quan\/\" target=\"_self\" class=\"button primary reveal-icon\"  style=\"border-radius:99px;\">\n    <span>\u0110\u1eb7t h\u00e0ng ngay<\/span>\n  <i class=\"icon-shopping-basket\" ><\/i><\/a>\n\n\t\t<\/div>\n\t\t\t<\/div>\n\n\t\n\n\t<div id=\"col-1325711265\" class=\"col medium-6 small-12 large-6\"  >\n\t\t<div class=\"col-inner\"  >\n\t\t\t\n\t\t\t\n<div class=\"slider-wrapper relative\" id=\"slider-732742164\" >\n    <div class=\"slider slider-nav-circle slider-nav-large slider-nav-light slider-style-normal\"\n        data-flickity-options='{\n            \"cellAlign\": \"center\",\n            \"imagesLoaded\": true,\n            \"lazyLoad\": 1,\n            \"freeScroll\": false,\n            \"wrapAround\": true,\n            \"autoPlay\": 6000,\n            \"pauseAutoPlayOnHover\" : true,\n            \"prevNextButtons\": true,\n            \"contain\" : true,\n            \"adaptiveHeight\" : true,\n            \"dragThreshold\" : 10,\n            \"percentPosition\": true,\n            \"pageDots\": true,\n            \"rightToLeft\": false,\n            \"draggable\": true,\n            \"selectedAttraction\": 0.1,\n            \"parallax\" : 0,\n            \"friction\": 0.6        }'\n        >\n        \n\t<div class=\"img has-hover x md-x lg-x y md-y lg-y\" id=\"image_94609469\">\n\t\t\t\t\t\t\t\t<div class=\"img-inner dark\" >\n\t\t\t<img decoding=\"async\" width=\"1020\" height=\"765\" src=\"https:\/\/tdlitevietnam.com\/wp-content\/uploads\/2021\/09\/IMG-4801-1024x768.jpg\" class=\"attachment-large size-large\" alt=\"\" srcset=\"https:\/\/tdlitevietnam.com\/wp-content\/uploads\/2021\/09\/IMG-4801-1024x768.jpg 1024w, https:\/\/tdlitevietnam.com\/wp-content\/uploads\/2021\/09\/IMG-4801-300x225.jpg 300w, https:\/\/tdlitevietnam.com\/wp-content\/uploads\/2021\/09\/IMG-4801-768x576.jpg 768w, https:\/\/tdlitevietnam.com\/wp-content\/uploads\/2021\/09\/IMG-4801-1536x1152.jpg 1536w, https:\/\/tdlitevietnam.com\/wp-content\/uploads\/2021\/09\/IMG-4801-2048x1536.jpg 2048w\" sizes=\"(max-width: 1020px) 100vw, 1020px\" \/>\t\t\t\t\t\t\n\t\t\t\t\t<\/div>\n\t\t\t\t\t\t\t\t\n<style>\n#image_94609469 {\n  width: 100%;\n}\n<\/style>\n\t<\/div>\n\t\n\t<div class=\"img has-hover x md-x lg-x y md-y lg-y\" id=\"image_637868668\">\n\t\t\t\t\t\t\t\t<div class=\"img-inner dark\" >\n\t\t\t<img decoding=\"async\" width=\"1020\" height=\"680\" src=\"https:\/\/tdlitevietnam.com\/wp-content\/uploads\/2021\/12\/TDLiteBlade_9-1024x683.jpg\" class=\"attachment-large size-large\" alt=\"\" srcset=\"https:\/\/tdlitevietnam.com\/wp-content\/uploads\/2021\/12\/TDLiteBlade_9-1024x683.jpg 1024w, https:\/\/tdlitevietnam.com\/wp-content\/uploads\/2021\/12\/TDLiteBlade_9-300x200.jpg 300w, https:\/\/tdlitevietnam.com\/wp-content\/uploads\/2021\/12\/TDLiteBlade_9-768x512.jpg 768w, https:\/\/tdlitevietnam.com\/wp-content\/uploads\/2021\/12\/TDLiteBlade_9-1536x1024.jpg 1536w, https:\/\/tdlitevietnam.com\/wp-content\/uploads\/2021\/12\/TDLiteBlade_9-2048x1365.jpg 2048w\" sizes=\"(max-width: 1020px) 100vw, 1020px\" \/>\t\t\t\t\t\t\n\t\t\t\t\t<\/div>\n\t\t\t\t\t\t\t\t\n<style>\n#image_637868668 {\n  width: 100%;\n}\n<\/style>\n\t<\/div>\n\t\n\t<div class=\"img has-hover x md-x lg-x y md-y lg-y\" id=\"image_2046562193\">\n\t\t\t\t\t\t\t\t<div class=\"img-inner dark\" style=\"margin:0px 0px 0px 0px;\">\n\t\t\t<img decoding=\"async\" width=\"1020\" height=\"1010\" src=\"https:\/\/tdlitevietnam.com\/wp-content\/uploads\/2021\/12\/M-1-1-e1640788765375-1024x1014.png\" class=\"attachment-large size-large\" alt=\"\" srcset=\"https:\/\/tdlitevietnam.com\/wp-content\/uploads\/2021\/12\/M-1-1-e1640788765375-1024x1014.png 1024w, https:\/\/tdlitevietnam.com\/wp-content\/uploads\/2021\/12\/M-1-1-e1640788765375-300x297.png 300w, https:\/\/tdlitevietnam.com\/wp-content\/uploads\/2021\/12\/M-1-1-e1640788765375-150x150.png 150w, https:\/\/tdlitevietnam.com\/wp-content\/uploads\/2021\/12\/M-1-1-e1640788765375-768x760.png 768w, https:\/\/tdlitevietnam.com\/wp-content\/uploads\/2021\/12\/M-1-1-e1640788765375-1536x1521.png 1536w, https:\/\/tdlitevietnam.com\/wp-content\/uploads\/2021\/12\/M-1-1-e1640788765375-2048x2028.png 2048w\" sizes=\"(max-width: 1020px) 100vw, 1020px\" \/>\t\t\t\t\t\t\n\t\t\t\t\t<\/div>\n\t\t\t\t\t\t\t\t\n<style>\n#image_2046562193 {\n  width: 100%;\n}\n<\/style>\n\t<\/div>\n\t\n     <\/div>\n\n     <div class=\"loading-spin dark large centered\"><\/div>\n\n     <\/div>\n\n\n\t\t<\/div>\n\t\t\t<\/div>\n\n\t\n<\/div>\n\t\t<\/div>\n\n\t\t\n<style>\n#section_316103832 {\n  padding-top: 30px;\n  padding-bottom: 30px;\n  background-color: rgb(61, 79, 85);\n}\n<\/style>\n\t<\/section>\n\t\n\t<section class=\"section\" id=\"section_936147040\">\n\t\t<div class=\"bg section-bg fill bg-fill  bg-loaded\" >\n\n\t\t\t\n\t\t\t<div class=\"effect-sparkle bg-effect fill no-click\"><\/div>\n\t\t\t\n\n\t\t<\/div>\n\n\t\t<div class=\"section-content relative\">\n\t\t\t\n<div class=\"row align-middle align-center\"  id=\"row-229889594\">\n\n\t<div id=\"col-1715444243\" class=\"col medium-6 small-12 large-6\"  >\n\t\t<div class=\"col-inner\"  >\n\t\t\t\n\t\t\t\n\t<div class=\"img has-hover x md-x lg-x y md-y lg-y\" id=\"image_2095539134\">\n\t\t\t\t\t\t\t\t<div class=\"img-inner dark\" style=\"margin:10px 0px 0px 0px;\">\n\t\t\t<img decoding=\"async\" width=\"600\" height=\"600\" src=\"https:\/\/tdlitevietnam.com\/wp-content\/uploads\/2021\/09\/product_2.jpg\" class=\"attachment-large size-large\" alt=\"\" srcset=\"https:\/\/tdlitevietnam.com\/wp-content\/uploads\/2021\/09\/product_2.jpg 600w, https:\/\/tdlitevietnam.com\/wp-content\/uploads\/2021\/09\/product_2-300x300.jpg 300w, https:\/\/tdlitevietnam.com\/wp-content\/uploads\/2021\/09\/product_2-150x150.jpg 150w\" sizes=\"(max-width: 600px) 100vw, 600px\" \/>\t\t\t\t\t\t\n\t\t\t\t\t<\/div>\n\t\t\t\t\t\t\t\t\n<style>\n#image_2095539134 {\n  width: 100%;\n}\n<\/style>\n\t<\/div>\n\t\n\t\t<\/div>\n\t\t\n<style>\n#col-1715444243 > .col-inner {\n  padding: px 0px 0px 0px;\n  margin: px 0px 0px 0px;\n}\n<\/style>\n\t<\/div>\n\n\t\n\n\t<div id=\"col-314766426\" class=\"col medium-6 small-12 large-6\"  data-animate=\"fadeInLeft\">\n\t\t<div class=\"col-inner text-center\"  >\n\t\t\t\n\t\t\t\n\t<div id=\"text-3509709531\" class=\"text\">\n\t\t\n<h2 id=\"banggia\" style=\"text-align: center;\"><span style=\"color: #ffffff;\">GI\u00c1 B\u00c1N<\/span><\/h2>\n<h1 style=\"font-size: 40pt; text-align: center;\"><span style=\"color: #ff0000;\">545.000\u0111<\/span><\/h1>\n<p style=\"text-align: center;\"><span style=\"font-size: 120%; color: #ffffff;\">Mi\u1ec5n ph\u00ed giao h\u00e0ng to\u00e0n qu\u1ed1c<\/span><\/p>\n<p style=\"text-align: center;\"><span style=\"font-size: 120%; color: #ffffff;\">B\u1ea3o h\u00e0nh trong v\u00f2ng 03 n\u0103m<\/span><\/p>\n\t\t\n<style>\n#text-3509709531 {\n  text-align: center;\n}\n<\/style>\n\t<\/div>\n\t\n<a href=\"http:\/\/tdlitevietnam.com\/index.php\/dat-den-soi-tinh-manh\/\" target=\"_self\" class=\"button primary is-bevel reveal-icon\"  style=\"border-radius:99px;\">\n    <span>\u0110\u1eb7t h\u00e0ng ngay<\/span>\n  <i class=\"icon-shopping-basket\" ><\/i><\/a>\n\n\t\t<\/div>\n\t\t\t<\/div>\n\n\t\n<\/div>\n\t\t<\/div>\n\n\t\t\n<style>\n#section_936147040 {\n  padding-top: 30px;\n  padding-bottom: 30px;\n  background-color: #0a0a09;\n}\n<\/style>\n\t<\/section>\n\t\n","protected":false},"excerpt":{"rendered":"","protected":false},"author":1,"featured_media":0,"parent":0,"menu_order":0,"comment_status":"closed","ping_status":"closed","template":"","meta":{"footnotes":""},"class_list":["post-188","page","type-page","status-publish","hentry"],"yoast_head":"<!-- This site is optimized with the Yoast SEO Premium plugin v15.0 - https:\/\/yoast.com\/wordpress\/plugins\/seo\/ -->\n<title>B\u1ea2NG GI\u00c1 - TDlite VietNam<\/title>\n<meta name=\"robots\" content=\"index, follow, max-snippet:-1, max-image-preview:large, max-video-preview:-1\" \/>\n<link rel=\"canonical\" href=\"https:\/\/tdlitevietnam.com\/index.php\/bang-gia\/\" \/>\n<meta property=\"og:locale\" content=\"vi_VN\" \/>\n<meta property=\"og:type\" content=\"article\" \/>\n<meta property=\"og:title\" content=\"B\u1ea2NG GI\u00c1 - TDlite VietNam\" \/>\n<meta property=\"og:url\" content=\"https:\/\/tdlitevietnam.com\/index.php\/bang-gia\/\" \/>\n<meta property=\"og:site_name\" content=\"TDlite VietNam\" \/>\n<meta property=\"article:publisher\" content=\"https:\/\/www.facebook.com\/tdlitevietnam\" \/>\n<meta property=\"article:modified_time\" content=\"2023-05-24T05:04:35+00:00\" \/>\n<meta name=\"twitter:card\" content=\"summary_large_image\" \/>\n<script type=\"application\/ld+json\" class=\"yoast-schema-graph\">{\"@context\":\"https:\/\/schema.org\",\"@graph\":[{\"@type\":\"WebSite\",\"@id\":\"https:\/\/tdlitevietnam.com\/#website\",\"url\":\"https:\/\/tdlitevietnam.com\/\",\"name\":\"TDlite VietNam\",\"description\":\"\",\"potentialAction\":[{\"@type\":\"SearchAction\",\"target\":\"https:\/\/tdlitevietnam.com\/?s={search_term_string}\",\"query-input\":\"required name=search_term_string\"}],\"inLanguage\":\"vi\"},{\"@type\":\"WebPage\",\"@id\":\"https:\/\/tdlitevietnam.com\/index.php\/bang-gia\/#webpage\",\"url\":\"https:\/\/tdlitevietnam.com\/index.php\/bang-gia\/\",\"name\":\"B\\u1ea2NG GI\\u00c1 - TDlite VietNam\",\"isPartOf\":{\"@id\":\"https:\/\/tdlitevietnam.com\/#website\"},\"datePublished\":\"2021-09-03T09:17:34+00:00\",\"dateModified\":\"2023-05-24T05:04:35+00:00\",\"breadcrumb\":{\"@id\":\"https:\/\/tdlitevietnam.com\/index.php\/bang-gia\/#breadcrumb\"},\"inLanguage\":\"vi\",\"potentialAction\":[{\"@type\":\"ReadAction\",\"target\":[\"https:\/\/tdlitevietnam.com\/index.php\/bang-gia\/\"]}]},{\"@type\":\"BreadcrumbList\",\"@id\":\"https:\/\/tdlitevietnam.com\/index.php\/bang-gia\/#breadcrumb\",\"itemListElement\":[{\"@type\":\"ListItem\",\"position\":1,\"item\":{\"@type\":\"WebPage\",\"@id\":\"https:\/\/tdlitevietnam.com\/\",\"url\":\"https:\/\/tdlitevietnam.com\/\",\"name\":\"Home\"}},{\"@type\":\"ListItem\",\"position\":2,\"item\":{\"@type\":\"WebPage\",\"@id\":\"https:\/\/tdlitevietnam.com\/index.php\/bang-gia\/\",\"url\":\"https:\/\/tdlitevietnam.com\/index.php\/bang-gia\/\",\"name\":\"B\\u1ea2NG GI\\u00c1\"}}]}]}<\/script>\n<!-- \/ Yoast SEO Premium plugin. -->","_links":{"self":[{"href":"https:\/\/tdlitevietnam.com\/index.php\/wp-json\/wp\/v2\/pages\/188","targetHints":{"allow":["GET"]}}],"collection":[{"href":"https:\/\/tdlitevietnam.com\/index.php\/wp-json\/wp\/v2\/pages"}],"about":[{"href":"https:\/\/tdlitevietnam.com\/index.php\/wp-json\/wp\/v2\/types\/page"}],"author":[{"embeddable":true,"href":"https:\/\/tdlitevietnam.com\/index.php\/wp-json\/wp\/v2\/users\/1"}],"replies":[{"embeddable":true,"href":"https:\/\/tdlitevietnam.com\/index.php\/wp-json\/wp\/v2\/comments?post=188"}],"version-history":[{"count":0,"href":"https:\/\/tdlitevietnam.com\/index.php\/wp-json\/wp\/v2\/pages\/188\/revisions"}],"wp:attachment":[{"href":"https:\/\/tdlitevietnam.com\/index.php\/wp-json\/wp\/v2\/media?parent=188"}],"curies":[{"name":"wp","href":"https:\/\/api.w.org\/{rel}","templated":true}]}}